{"id":716,"date":"2022-11-10T16:48:34","date_gmt":"2022-11-10T16:48:34","guid":{"rendered":"https:\/\/door73.robindeneyer.be\/home\/"},"modified":"2025-06-27T09:02:00","modified_gmt":"2025-06-27T09:02:00","slug":"home","status":"publish","type":"page","link":"https:\/\/door73.be\/fr\/","title":{"rendered":"Home"},"content":{"rendered":"\t\t<div data-elementor-type=\"wp-page\" data-elementor-id=\"716\" class=\"elementor elementor-716 elementor-31\" data-elementor-post-type=\"page\">\n\t\t\t\t\t\t<section class=\"elementor-section elementor-top-section elementor-element elementor-element-81015cc elementor-section-boxed elementor-section-height-default elementor-section-height-default\" data-id=\"81015cc\" data-element_type=\"section\" data-e-type=\"section\">\n\t\t\t\t\t\t<div class=\"elementor-container elementor-column-gap-default\">\n\t\t\t\t\t<div class=\"elementor-column elementor-col-100 elementor-top-column elementor-element elementor-element-88add74\" data-id=\"88add74\" data-element_type=\"column\" data-e-type=\"column\">\n\t\t\t<div class=\"elementor-widget-wrap elementor-element-populated\">\n\t\t\t\t\t\t<div class=\"elementor-element elementor-element-f5ad294 move-title animated-slow elementor-widget__width-inherit elementor-widget elementor-widget-heading\" data-id=\"f5ad294\" data-element_type=\"widget\" data-e-type=\"widget\" data-settings=\"{&quot;_animation&quot;:&quot;none&quot;}\" data-widget_type=\"heading.default\">\n\t\t\t\t<div class=\"elementor-widget-container\">\n\t\t\t\t\t<h1 class=\"elementor-heading-title elementor-size-default\">DOOR73<\/h1>\t\t\t\t<\/div>\n\t\t\t\t<\/div>\n\t\t\t\t\t<\/div>\n\t\t<\/div>\n\t\t\t\t\t<\/div>\n\t\t<\/section>\n\t\t\t\t<section class=\"elementor-section elementor-top-section elementor-element elementor-element-38aac89 elementor-section-boxed elementor-section-height-default elementor-section-height-default\" data-id=\"38aac89\" data-element_type=\"section\" data-e-type=\"section\">\n\t\t\t\t\t\t<div class=\"elementor-container elementor-column-gap-default\">\n\t\t\t\t\t<div class=\"elementor-column elementor-col-100 elementor-top-column elementor-element elementor-element-709e6eb\" data-id=\"709e6eb\" data-element_type=\"column\" data-e-type=\"column\">\n\t\t\t<div class=\"elementor-widget-wrap elementor-element-populated\">\n\t\t\t\t\t\t<div class=\"elementor-element elementor-element-6410ceb elementor-widget elementor-widget-spacer\" data-id=\"6410ceb\" data-element_type=\"widget\" data-e-type=\"widget\" data-widget_type=\"spacer.default\">\n\t\t\t\t<div class=\"elementor-widget-container\">\n\t\t\t\t\t\t\t<div class=\"elementor-spacer\">\n\t\t\t<div class=\"elementor-spacer-inner\"><\/div>\n\t\t<\/div>\n\t\t\t\t\t\t<\/div>\n\t\t\t\t<\/div>\n\t\t\t\t<div class=\"elementor-element elementor-element-0974f5e elementor-widget__width-auto elementor-absolute elementor-widget elementor-widget-image\" data-id=\"0974f5e\" data-element_type=\"widget\" data-e-type=\"widget\" data-settings=\"{&quot;_position&quot;:&quot;absolute&quot;}\" data-widget_type=\"image.default\">\n\t\t\t\t<div class=\"elementor-widget-container\">\n\t\t\t\t\t\t\t\t\t\t\t\t\t\t\t<img fetchpriority=\"high\" decoding=\"async\" width=\"800\" height=\"969\" src=\"https:\/\/door73.be\/wp-content\/uploads\/2024\/03\/DOOR73_WINTER_\u00a9_kris_vlegels_007-845x1024.jpg\" class=\"attachment-large size-large wp-image-2025\" alt=\"\" srcset=\"https:\/\/door73.be\/wp-content\/uploads\/2024\/03\/DOOR73_WINTER_\u00a9_kris_vlegels_007-845x1024.jpg 845w, https:\/\/door73.be\/wp-content\/uploads\/2024\/03\/DOOR73_WINTER_\u00a9_kris_vlegels_007-247x300.jpg 247w, https:\/\/door73.be\/wp-content\/uploads\/2024\/03\/DOOR73_WINTER_\u00a9_kris_vlegels_007-768x931.jpg 768w, https:\/\/door73.be\/wp-content\/uploads\/2024\/03\/DOOR73_WINTER_\u00a9_kris_vlegels_007-600x727.jpg 600w, https:\/\/door73.be\/wp-content\/uploads\/2024\/03\/DOOR73_WINTER_\u00a9_kris_vlegels_007.jpg 1031w\" sizes=\"(max-width: 800px) 100vw, 800px\" \/>\t\t\t\t\t\t\t\t\t\t\t\t\t\t\t<\/div>\n\t\t\t\t<\/div>\n\t\t\t\t<div class=\"elementor-element elementor-element-321389b elementor-widget__width-auto elementor-absolute elementor-widget elementor-widget-image\" data-id=\"321389b\" data-element_type=\"widget\" data-e-type=\"widget\" data-settings=\"{&quot;_position&quot;:&quot;absolute&quot;}\" data-widget_type=\"image.default\">\n\t\t\t\t<div class=\"elementor-widget-container\">\n\t\t\t\t\t\t\t\t\t\t\t\t\t\t\t<img decoding=\"async\" width=\"694\" height=\"1024\" src=\"https:\/\/door73.be\/wp-content\/uploads\/2024\/03\/DOOR73_WINTER_\u00a9_kris_vlegels_024-694x1024.jpg\" class=\"attachment-large size-large wp-image-2028\" alt=\"\" srcset=\"https:\/\/door73.be\/wp-content\/uploads\/2024\/03\/DOOR73_WINTER_\u00a9_kris_vlegels_024-694x1024.jpg 694w, https:\/\/door73.be\/wp-content\/uploads\/2024\/03\/DOOR73_WINTER_\u00a9_kris_vlegels_024-203x300.jpg 203w, https:\/\/door73.be\/wp-content\/uploads\/2024\/03\/DOOR73_WINTER_\u00a9_kris_vlegels_024-768x1133.jpg 768w, https:\/\/door73.be\/wp-content\/uploads\/2024\/03\/DOOR73_WINTER_\u00a9_kris_vlegels_024-600x885.jpg 600w, https:\/\/door73.be\/wp-content\/uploads\/2024\/03\/DOOR73_WINTER_\u00a9_kris_vlegels_024.jpg 847w\" sizes=\"(max-width: 694px) 100vw, 694px\" \/>\t\t\t\t\t\t\t\t\t\t\t\t\t\t\t<\/div>\n\t\t\t\t<\/div>\n\t\t\t\t<div class=\"elementor-element elementor-element-81b7434 elementor-widget__width-auto elementor-absolute elementor-widget elementor-widget-image\" data-id=\"81b7434\" data-element_type=\"widget\" data-e-type=\"widget\" data-settings=\"{&quot;_position&quot;:&quot;absolute&quot;}\" data-widget_type=\"image.default\">\n\t\t\t\t<div class=\"elementor-widget-container\">\n\t\t\t\t\t\t\t\t\t\t\t\t\t\t\t<img decoding=\"async\" width=\"800\" height=\"736\" src=\"https:\/\/door73.be\/wp-content\/uploads\/2024\/03\/DOOR73_summer_\u252c\u00ae_kris_vlegels__031-1024x942.jpg\" class=\"attachment-large size-large wp-image-1937\" alt=\"\" srcset=\"https:\/\/door73.be\/wp-content\/uploads\/2024\/03\/DOOR73_summer_\u252c\u00ae_kris_vlegels__031-1024x942.jpg 1024w, https:\/\/door73.be\/wp-content\/uploads\/2024\/03\/DOOR73_summer_\u252c\u00ae_kris_vlegels__031-300x276.jpg 300w, https:\/\/door73.be\/wp-content\/uploads\/2024\/03\/DOOR73_summer_\u252c\u00ae_kris_vlegels__031-768x707.jpg 768w, https:\/\/door73.be\/wp-content\/uploads\/2024\/03\/DOOR73_summer_\u252c\u00ae_kris_vlegels__031-1536x1413.jpg 1536w, https:\/\/door73.be\/wp-content\/uploads\/2024\/03\/DOOR73_summer_\u252c\u00ae_kris_vlegels__031-2048x1884.jpg 2048w, https:\/\/door73.be\/wp-content\/uploads\/2024\/03\/DOOR73_summer_\u252c\u00ae_kris_vlegels__031-600x552.jpg 600w\" sizes=\"(max-width: 800px) 100vw, 800px\" \/>\t\t\t\t\t\t\t\t\t\t\t\t\t\t\t<\/div>\n\t\t\t\t<\/div>\n\t\t\t\t<div class=\"elementor-element elementor-element-bbdc004 elementor-widget__width-auto elementor-absolute elementor-widget elementor-widget-image\" data-id=\"bbdc004\" data-element_type=\"widget\" data-e-type=\"widget\" data-settings=\"{&quot;_position&quot;:&quot;absolute&quot;}\" data-widget_type=\"image.default\">\n\t\t\t\t<div class=\"elementor-widget-container\">\n\t\t\t\t\t\t\t\t\t\t\t\t\t\t\t<img loading=\"lazy\" decoding=\"async\" width=\"768\" height=\"1024\" src=\"https:\/\/door73.be\/wp-content\/uploads\/2023\/05\/door-73-april-2023-\u00a9-Pieter-DHoop-143-768x1024.jpg\" class=\"attachment-large size-large wp-image-1562\" alt=\"\" srcset=\"https:\/\/door73.be\/wp-content\/uploads\/2023\/05\/door-73-april-2023-\u00a9-Pieter-DHoop-143-768x1024.jpg 768w, https:\/\/door73.be\/wp-content\/uploads\/2023\/05\/door-73-april-2023-\u00a9-Pieter-DHoop-143-225x300.jpg 225w, https:\/\/door73.be\/wp-content\/uploads\/2023\/05\/door-73-april-2023-\u00a9-Pieter-DHoop-143-1152x1536.jpg 1152w, https:\/\/door73.be\/wp-content\/uploads\/2023\/05\/door-73-april-2023-\u00a9-Pieter-DHoop-143-600x800.jpg 600w, https:\/\/door73.be\/wp-content\/uploads\/2023\/05\/door-73-april-2023-\u00a9-Pieter-DHoop-143.jpg 1536w\" sizes=\"(max-width: 768px) 100vw, 768px\" \/>\t\t\t\t\t\t\t\t\t\t\t\t\t\t\t<\/div>\n\t\t\t\t<\/div>\n\t\t\t\t<div class=\"elementor-element elementor-element-90d203c elementor-widget__width-auto elementor-absolute elementor-widget elementor-widget-image\" data-id=\"90d203c\" data-element_type=\"widget\" data-e-type=\"widget\" data-settings=\"{&quot;_position&quot;:&quot;absolute&quot;}\" data-widget_type=\"image.default\">\n\t\t\t\t<div class=\"elementor-widget-container\">\n\t\t\t\t\t\t\t\t\t\t\t\t\t\t\t<img loading=\"lazy\" decoding=\"async\" width=\"768\" height=\"1024\" src=\"https:\/\/door73.be\/wp-content\/uploads\/2024\/03\/DOOR73_WINTER_\u00a9_kris_vlegels_048-768x1024.jpg\" class=\"attachment-large size-large wp-image-2031\" alt=\"\" srcset=\"https:\/\/door73.be\/wp-content\/uploads\/2024\/03\/DOOR73_WINTER_\u00a9_kris_vlegels_048-768x1023.jpg 768w, https:\/\/door73.be\/wp-content\/uploads\/2024\/03\/DOOR73_WINTER_\u00a9_kris_vlegels_048-225x300.jpg 225w, https:\/\/door73.be\/wp-content\/uploads\/2024\/03\/DOOR73_WINTER_\u00a9_kris_vlegels_048-600x800.jpg 600w, https:\/\/door73.be\/wp-content\/uploads\/2024\/03\/DOOR73_WINTER_\u00a9_kris_vlegels_048.jpg 938w\" sizes=\"(max-width: 768px) 100vw, 768px\" \/>\t\t\t\t\t\t\t\t\t\t\t\t\t\t\t<\/div>\n\t\t\t\t<\/div>\n\t\t\t\t<div class=\"elementor-element elementor-element-5332f0f elementor-widget__width-auto elementor-absolute elementor-widget elementor-widget-image\" data-id=\"5332f0f\" data-element_type=\"widget\" data-e-type=\"widget\" data-settings=\"{&quot;_position&quot;:&quot;absolute&quot;}\" data-widget_type=\"image.default\">\n\t\t\t\t<div class=\"elementor-widget-container\">\n\t\t\t\t\t\t\t\t\t\t\t\t\t\t\t<img loading=\"lazy\" decoding=\"async\" width=\"747\" height=\"1024\" src=\"https:\/\/door73.be\/wp-content\/uploads\/2024\/03\/DOOR73_summer_\u252c\u00ae_kris_vlegels__042-747x1024.jpg\" class=\"attachment-large size-large wp-image-1989\" alt=\"\" srcset=\"https:\/\/door73.be\/wp-content\/uploads\/2024\/03\/DOOR73_summer_\u252c\u00ae_kris_vlegels__042-747x1024.jpg 747w, https:\/\/door73.be\/wp-content\/uploads\/2024\/03\/DOOR73_summer_\u252c\u00ae_kris_vlegels__042-219x300.jpg 219w, https:\/\/door73.be\/wp-content\/uploads\/2024\/03\/DOOR73_summer_\u252c\u00ae_kris_vlegels__042-768x1053.jpg 768w, https:\/\/door73.be\/wp-content\/uploads\/2024\/03\/DOOR73_summer_\u252c\u00ae_kris_vlegels__042-1120x1536.jpg 1120w, https:\/\/door73.be\/wp-content\/uploads\/2024\/03\/DOOR73_summer_\u252c\u00ae_kris_vlegels__042-1494x2048.jpg 1494w, https:\/\/door73.be\/wp-content\/uploads\/2024\/03\/DOOR73_summer_\u252c\u00ae_kris_vlegels__042-600x823.jpg 600w, https:\/\/door73.be\/wp-content\/uploads\/2024\/03\/DOOR73_summer_\u252c\u00ae_kris_vlegels__042-scaled.jpg 1867w\" sizes=\"(max-width: 747px) 100vw, 747px\" \/>\t\t\t\t\t\t\t\t\t\t\t\t\t\t\t<\/div>\n\t\t\t\t<\/div>\n\t\t\t\t<div class=\"elementor-element elementor-element-fd36b57 elementor-widget__width-auto elementor-absolute elementor-widget elementor-widget-image\" data-id=\"fd36b57\" data-element_type=\"widget\" data-e-type=\"widget\" data-settings=\"{&quot;_position&quot;:&quot;absolute&quot;}\" data-widget_type=\"image.default\">\n\t\t\t\t<div class=\"elementor-widget-container\">\n\t\t\t\t\t\t\t\t\t\t\t\t\t\t\t<img loading=\"lazy\" decoding=\"async\" width=\"800\" height=\"875\" src=\"https:\/\/door73.be\/wp-content\/uploads\/2024\/03\/DOOR73_WINTER_\u00a9_kris_vlegels_020-936x1024.jpg\" class=\"attachment-large size-large wp-image-2034\" alt=\"\" srcset=\"https:\/\/door73.be\/wp-content\/uploads\/2024\/03\/DOOR73_WINTER_\u00a9_kris_vlegels_020-936x1024.jpg 936w, https:\/\/door73.be\/wp-content\/uploads\/2024\/03\/DOOR73_WINTER_\u00a9_kris_vlegels_020-274x300.jpg 274w, https:\/\/door73.be\/wp-content\/uploads\/2024\/03\/DOOR73_WINTER_\u00a9_kris_vlegels_020-768x840.jpg 768w, https:\/\/door73.be\/wp-content\/uploads\/2024\/03\/DOOR73_WINTER_\u00a9_kris_vlegels_020-600x656.jpg 600w, https:\/\/door73.be\/wp-content\/uploads\/2024\/03\/DOOR73_WINTER_\u00a9_kris_vlegels_020.jpg 1143w\" sizes=\"(max-width: 800px) 100vw, 800px\" \/>\t\t\t\t\t\t\t\t\t\t\t\t\t\t\t<\/div>\n\t\t\t\t<\/div>\n\t\t\t\t\t<\/div>\n\t\t<\/div>\n\t\t\t\t\t<\/div>\n\t\t<\/section>\n\t\t\t\t<\/div>\n\t\t","protected":false},"excerpt":{"rendered":"<p>DOOR73<\/p>\n","protected":false},"author":1,"featured_media":0,"parent":0,"menu_order":0,"comment_status":"closed","ping_status":"closed","template":"","meta":{"_acf_changed":false,"footnotes":""},"class_list":["post-716","page","type-page","status-publish","hentry"],"acf":[],"yoast_head":"<!-- This site is optimized with the Yoast SEO plugin v27.4 - https:\/\/yoast.com\/product\/yoast-seo-wordpress\/ -->\n<title>DOOR73<\/title>\n<meta name=\"description\" content=\"Restaurant DOOR73 situ\u00e9 \u00e0 Hoogstraat 73 9000 Gand. Adresse e-mail : knockknock@door73.be, num\u00e9ro de t\u00e9l\u00e9phone : +32 9 277 00 00\" \/>\n<meta name=\"robots\" content=\"index, follow, max-snippet:-1, max-image-preview:large, max-video-preview:-1\" \/>\n<link rel=\"canonical\" href=\"https:\/\/door73.be\/fr\/\" \/>\n<meta property=\"og:locale\" content=\"fr_FR\" \/>\n<meta property=\"og:type\" content=\"article\" \/>\n<meta property=\"og:title\" content=\"DOOR73\" \/>\n<meta property=\"og:description\" content=\"Restaurant DOOR73 situ\u00e9 \u00e0 Hoogstraat 73 9000 Gand. Adresse e-mail : knockknock@door73.be, num\u00e9ro de t\u00e9l\u00e9phone : +32 9 277 00 00\" \/>\n<meta property=\"og:url\" content=\"https:\/\/door73.be\/fr\/\" \/>\n<meta property=\"og:site_name\" content=\"DOOR73\" \/>\n<meta property=\"article:publisher\" content=\"https:\/\/www.facebook.com\/door73gent\" \/>\n<meta property=\"article:modified_time\" content=\"2025-06-27T09:02:00+00:00\" \/>\n<meta name=\"twitter:card\" content=\"summary_large_image\" \/>\n<script type=\"application\/ld+json\" class=\"yoast-schema-graph\">{\"@context\":\"https:\\\/\\\/schema.org\",\"@graph\":[{\"@type\":\"WebPage\",\"@id\":\"https:\\\/\\\/door73.be\\\/fr\\\/\",\"url\":\"https:\\\/\\\/door73.be\\\/fr\\\/\",\"name\":\"DOOR73\",\"isPartOf\":{\"@id\":\"https:\\\/\\\/door73.be\\\/fr\\\/#website\"},\"datePublished\":\"2022-11-10T16:48:34+00:00\",\"dateModified\":\"2025-06-27T09:02:00+00:00\",\"description\":\"Restaurant DOOR73 situ\u00e9 \u00e0 Hoogstraat 73 9000 Gand. Adresse e-mail : knockknock@door73.be, num\u00e9ro de t\u00e9l\u00e9phone : +32 9 277 00 00\",\"breadcrumb\":{\"@id\":\"https:\\\/\\\/door73.be\\\/fr\\\/#breadcrumb\"},\"inLanguage\":\"fr-FR\",\"potentialAction\":[{\"@type\":\"ReadAction\",\"target\":[\"https:\\\/\\\/door73.be\\\/fr\\\/\"]}]},{\"@type\":\"BreadcrumbList\",\"@id\":\"https:\\\/\\\/door73.be\\\/fr\\\/#breadcrumb\",\"itemListElement\":[{\"@type\":\"ListItem\",\"position\":1,\"name\":\"Home\",\"item\":\"https:\\\/\\\/door73.be\\\/fr\\\/home\\\/\"},{\"@type\":\"ListItem\",\"position\":2,\"name\":\"Home\"}]},{\"@type\":\"WebSite\",\"@id\":\"https:\\\/\\\/door73.be\\\/fr\\\/#website\",\"url\":\"https:\\\/\\\/door73.be\\\/fr\\\/\",\"name\":\"DOOR73\",\"description\":\"\",\"publisher\":{\"@id\":\"https:\\\/\\\/door73.be\\\/fr\\\/#organization\"},\"potentialAction\":[{\"@type\":\"SearchAction\",\"target\":{\"@type\":\"EntryPoint\",\"urlTemplate\":\"https:\\\/\\\/door73.be\\\/fr\\\/?s={search_term_string}\"},\"query-input\":{\"@type\":\"PropertyValueSpecification\",\"valueRequired\":true,\"valueName\":\"search_term_string\"}}],\"inLanguage\":\"fr-FR\"},{\"@type\":\"Organization\",\"@id\":\"https:\\\/\\\/door73.be\\\/fr\\\/#organization\",\"name\":\"DOOR73\",\"url\":\"https:\\\/\\\/door73.be\\\/fr\\\/\",\"logo\":{\"@type\":\"ImageObject\",\"inLanguage\":\"fr-FR\",\"@id\":\"https:\\\/\\\/door73.be\\\/fr\\\/#\\\/schema\\\/logo\\\/image\\\/\",\"url\":\"https:\\\/\\\/door73.be\\\/wp-content\\\/uploads\\\/2022\\\/11\\\/Logo-turquoise.png\",\"contentUrl\":\"https:\\\/\\\/door73.be\\\/wp-content\\\/uploads\\\/2022\\\/11\\\/Logo-turquoise.png\",\"width\":229,\"height\":181,\"caption\":\"DOOR73\"},\"image\":{\"@id\":\"https:\\\/\\\/door73.be\\\/fr\\\/#\\\/schema\\\/logo\\\/image\\\/\"},\"sameAs\":[\"https:\\\/\\\/www.facebook.com\\\/door73gent\",\"https:\\\/\\\/www.instagram.com\\\/door73_gent\"]}]}<\/script>\n<!-- \/ Yoast SEO plugin. -->","yoast_head_json":{"title":"DOOR73","description":"Restaurant DOOR73 situ\u00e9 \u00e0 Hoogstraat 73 9000 Gand. Adresse e-mail : knockknock@door73.be, num\u00e9ro de t\u00e9l\u00e9phone : +32 9 277 00 00","robots":{"index":"index","follow":"follow","max-snippet":"max-snippet:-1","max-image-preview":"max-image-preview:large","max-video-preview":"max-video-preview:-1"},"canonical":"https:\/\/door73.be\/fr\/","og_locale":"fr_FR","og_type":"article","og_title":"DOOR73","og_description":"Restaurant DOOR73 situ\u00e9 \u00e0 Hoogstraat 73 9000 Gand. Adresse e-mail : knockknock@door73.be, num\u00e9ro de t\u00e9l\u00e9phone : +32 9 277 00 00","og_url":"https:\/\/door73.be\/fr\/","og_site_name":"DOOR73","article_publisher":"https:\/\/www.facebook.com\/door73gent","article_modified_time":"2025-06-27T09:02:00+00:00","twitter_card":"summary_large_image","schema":{"@context":"https:\/\/schema.org","@graph":[{"@type":"WebPage","@id":"https:\/\/door73.be\/fr\/","url":"https:\/\/door73.be\/fr\/","name":"DOOR73","isPartOf":{"@id":"https:\/\/door73.be\/fr\/#website"},"datePublished":"2022-11-10T16:48:34+00:00","dateModified":"2025-06-27T09:02:00+00:00","description":"Restaurant DOOR73 situ\u00e9 \u00e0 Hoogstraat 73 9000 Gand. Adresse e-mail : knockknock@door73.be, num\u00e9ro de t\u00e9l\u00e9phone : +32 9 277 00 00","breadcrumb":{"@id":"https:\/\/door73.be\/fr\/#breadcrumb"},"inLanguage":"fr-FR","potentialAction":[{"@type":"ReadAction","target":["https:\/\/door73.be\/fr\/"]}]},{"@type":"BreadcrumbList","@id":"https:\/\/door73.be\/fr\/#breadcrumb","itemListElement":[{"@type":"ListItem","position":1,"name":"Home","item":"https:\/\/door73.be\/fr\/home\/"},{"@type":"ListItem","position":2,"name":"Home"}]},{"@type":"WebSite","@id":"https:\/\/door73.be\/fr\/#website","url":"https:\/\/door73.be\/fr\/","name":"DOOR73","description":"","publisher":{"@id":"https:\/\/door73.be\/fr\/#organization"},"potentialAction":[{"@type":"SearchAction","target":{"@type":"EntryPoint","urlTemplate":"https:\/\/door73.be\/fr\/?s={search_term_string}"},"query-input":{"@type":"PropertyValueSpecification","valueRequired":true,"valueName":"search_term_string"}}],"inLanguage":"fr-FR"},{"@type":"Organization","@id":"https:\/\/door73.be\/fr\/#organization","name":"DOOR73","url":"https:\/\/door73.be\/fr\/","logo":{"@type":"ImageObject","inLanguage":"fr-FR","@id":"https:\/\/door73.be\/fr\/#\/schema\/logo\/image\/","url":"https:\/\/door73.be\/wp-content\/uploads\/2022\/11\/Logo-turquoise.png","contentUrl":"https:\/\/door73.be\/wp-content\/uploads\/2022\/11\/Logo-turquoise.png","width":229,"height":181,"caption":"DOOR73"},"image":{"@id":"https:\/\/door73.be\/fr\/#\/schema\/logo\/image\/"},"sameAs":["https:\/\/www.facebook.com\/door73gent","https:\/\/www.instagram.com\/door73_gent"]}]}},"_links":{"self":[{"href":"https:\/\/door73.be\/fr\/wp-json\/wp\/v2\/pages\/716","targetHints":{"allow":["GET"]}}],"collection":[{"href":"https:\/\/door73.be\/fr\/wp-json\/wp\/v2\/pages"}],"about":[{"href":"https:\/\/door73.be\/fr\/wp-json\/wp\/v2\/types\/page"}],"author":[{"embeddable":true,"href":"https:\/\/door73.be\/fr\/wp-json\/wp\/v2\/users\/1"}],"replies":[{"embeddable":true,"href":"https:\/\/door73.be\/fr\/wp-json\/wp\/v2\/comments?post=716"}],"version-history":[{"count":12,"href":"https:\/\/door73.be\/fr\/wp-json\/wp\/v2\/pages\/716\/revisions"}],"predecessor-version":[{"id":2965,"href":"https:\/\/door73.be\/fr\/wp-json\/wp\/v2\/pages\/716\/revisions\/2965"}],"wp:attachment":[{"href":"https:\/\/door73.be\/fr\/wp-json\/wp\/v2\/media?parent=716"}],"curies":[{"name":"wp","href":"https:\/\/api.w.org\/{rel}","templated":true}]}}