{"id":813,"date":"2022-11-18T17:07:48","date_gmt":"2022-11-18T17:07:48","guid":{"rendered":"https:\/\/door73.robindeneyer.be\/privacy-policy\/"},"modified":"2023-01-16T14:59:20","modified_gmt":"2023-01-16T14:59:20","slug":"privacy-policy","status":"publish","type":"page","link":"https:\/\/door73.be\/fr\/privacy-policy\/","title":{"rendered":"Privacy Policy"},"content":{"rendered":"\t\t<div data-elementor-type=\"wp-page\" data-elementor-id=\"813\" class=\"elementor elementor-813 elementor-720\" data-elementor-post-type=\"page\">\n\t\t\t\t\t\t<section class=\"elementor-section elementor-top-section elementor-element elementor-element-66d6769 elementor-section-boxed elementor-section-height-default elementor-section-height-default\" data-id=\"66d6769\" data-element_type=\"section\">\n\t\t\t\t\t\t<div class=\"elementor-container elementor-column-gap-default\">\n\t\t\t\t\t<div class=\"elementor-column elementor-col-100 elementor-top-column elementor-element elementor-element-21d3f88\" data-id=\"21d3f88\" data-element_type=\"column\">\n\t\t\t<div class=\"elementor-widget-wrap elementor-element-populated\">\n\t\t\t\t\t\t<div class=\"elementor-element elementor-element-feea9d7 move-title animated-slow elementor-widget__width-inherit elementor-widget elementor-widget-heading\" data-id=\"feea9d7\" data-element_type=\"widget\" data-settings=\"{&quot;_animation&quot;:&quot;none&quot;}\" data-widget_type=\"heading.default\">\n\t\t\t\t<div class=\"elementor-widget-container\">\n\t\t\t\t\t<h1 class=\"elementor-heading-title elementor-size-default\">Privacy Policy<\/h1>\t\t\t\t<\/div>\n\t\t\t\t<\/div>\n\t\t\t\t\t<\/div>\n\t\t<\/div>\n\t\t\t\t\t<\/div>\n\t\t<\/section>\n\t\t\t\t<section class=\"elementor-section elementor-top-section elementor-element elementor-element-f98ecde animated-slow elementor-section-boxed elementor-section-height-default elementor-section-height-default\" data-id=\"f98ecde\" data-element_type=\"section\" data-settings=\"{&quot;animation&quot;:&quot;none&quot;}\">\n\t\t\t\t\t\t<div class=\"elementor-container elementor-column-gap-default\">\n\t\t\t\t\t<div class=\"elementor-column elementor-col-100 elementor-top-column elementor-element elementor-element-4d0c1e6\" data-id=\"4d0c1e6\" data-element_type=\"column\">\n\t\t\t<div class=\"elementor-widget-wrap elementor-element-populated\">\n\t\t\t\t\t\t<div class=\"elementor-element elementor-element-79ef881 elementor-widget elementor-widget-text-editor\" data-id=\"79ef881\" data-element_type=\"widget\" data-widget_type=\"text-editor.default\">\n\t\t\t\t<div class=\"elementor-widget-container\">\n\t\t\t\t\t\t\t\t\t<h2>Privacy Policy<\/h2>\r\nPrivacy Policy de DOOR73, propri\u00e9taire de DOOR73.be (BE0660.868.027)\r\n\r\n<strong>1) Protection de la vie priv\u00e9e<\/strong>\r\n\r\nLa protection de la vie priv\u00e9e des visiteurs de DOOR73.be est une t\u00e2che importante pour nous. Par cons\u00e9quent, notre politique de confidentialit\u00e9 d\u00e9crit les informations que nous recueillons et la mani\u00e8re dont nous les utilisons.\r\n\r\n<strong>2) Consentement.<\/strong>\r\n\r\nEn utilisant les informations et les services de DOOR73.be, vous acceptez notre politique de confidentialit\u00e9 et les conditions que nous avons incluses dans ce document.\r\n\r\n<strong>3) Questions<\/strong>\r\n\r\nSi vous souhaitez recevoir plus d&rsquo;informations, ou si vous avez des questions concernant la politique de confidentialit\u00e9 de DOOR73 et plus particuli\u00e8rement de DOOR73.be, veuillez nous contacter par e-mail. Notre adresse \u00e9lectronique est knockknock@door73.be.\r\n\r\n<strong>4) Surveillance du comportement des visiteurs<\/strong>\r\n\r\nDOOR73.be utilise diff\u00e9rentes techniques pour savoir qui visite le site, comment ce visiteur se comporte sur le site et quelles pages sont visit\u00e9es. Il s&rsquo;agit d&rsquo;une pratique courante pour les sites web car elle fournit des informations qui contribuent \u00e0 la qualit\u00e9 de l&rsquo;exp\u00e9rience de l&rsquo;utilisateur. Les informations que nous enregistrons, via les cookies, comprennent les adresses IP, le type de navigateur et les pages d&rsquo;accueil visit\u00e9es.\r\n\r\nNous surveillons \u00e9galement l&rsquo;endroit o\u00f9 les visiteurs se rendent pour la premi\u00e8re fois sur le site web et la page qu&rsquo;ils quittent. Ces informations restent anonymes et ne sont pas li\u00e9es \u00e0 d&rsquo;autres informations personnelles.\r\n\r\n<strong>5) Utilisation des cookies<\/strong>\r\n\r\nDOOR73.be place des cookies sur les visiteurs. Nous le faisons pour collecter des informations sur les pages que les utilisateurs visitent sur notre site web, pour savoir combien de fois les visiteurs reviennent et pour voir quelles pages marchent bien sur le site. Nous gardons \u00e9galement la trace des informations que le navigateur partage.\r\n\r\n<strong>6) D\u00e9sactiver les cookies<\/strong>\r\n\r\nVous pouvez choisir de d\u00e9sactiver les cookies. Vous pouvez le faire en utilisant les options de votre navigateur. Vous trouverez de plus amples informations sur ces options sur le site web du fournisseur de votre navigateur.\r\n\r\n<strong>7) WooCommerce<\/strong>\r\n\r\nNotre boutique en ligne utilise WooCommerce pour traiter et exp\u00e9dier les commandes. Dans ce cadre, nous recueillons certaines donn\u00e9es personnelles de nos clients, telles que le nom, l&rsquo;adresse et l&rsquo;adresse \u00e9lectronique. Ces donn\u00e9es ne sont utilis\u00e9es que pour l&rsquo;exp\u00e9dition des produits command\u00e9s et ne sont pas utilis\u00e9es \u00e0 d&rsquo;autres fins. De plus, nous ne conservons ces donn\u00e9es que pour la dur\u00e9e de l&rsquo;exp\u00e9dition et les supprimons ensuite. Nos clients ont toujours le droit de consulter, de modifier ou de supprimer leurs donn\u00e9es personnelles. Pour cela, vous pouvez nous contacter par e-mail ou par t\u00e9l\u00e9phone. Nous r\u00e9pondrons \u00e0 votre demande dans les plus brefs d\u00e9lais. Nous garantissons la s\u00e9curit\u00e9 des donn\u00e9es collect\u00e9es et prenons les mesures appropri\u00e9es pour emp\u00eacher tout acc\u00e8s, utilisation, modification ou destruction non autoris\u00e9s. Si vous avez des questions ou des commentaires concernant notre politique de confidentialit\u00e9, n&rsquo;h\u00e9sitez pas \u00e0 nous contacter.\t\t\t\t\t\t\t\t<\/div>\n\t\t\t\t<\/div>\n\t\t\t\t\t<\/div>\n\t\t<\/div>\n\t\t\t\t\t<\/div>\n\t\t<\/section>\n\t\t\t\t<\/div>\n\t\t","protected":false},"excerpt":{"rendered":"<p>Privacy Policy Privacy Policy Privacy Policy de DOOR73, propri\u00e9taire de DOOR73.be (BE0660.868.027) 1) Protection de la vie priv\u00e9e La protection de la vie priv\u00e9e des visiteurs de DOOR73.be est une t\u00e2che importante pour nous. Par cons\u00e9quent, notre politique de confidentialit\u00e9 d\u00e9crit les informations que nous recueillons et la mani\u00e8re dont nous les utilisons. 2) Consentement. [&hellip;]<\/p>\n","protected":false},"author":1,"featured_media":0,"parent":0,"menu_order":0,"comment_status":"closed","ping_status":"closed","template":"","meta":{"_acf_changed":false,"footnotes":""},"class_list":["post-813","page","type-page","status-publish","hentry"],"acf":[],"yoast_head":"<!-- This site is optimized with the Yoast SEO plugin v26.5 - https:\/\/yoast.com\/wordpress\/plugins\/seo\/ -->\n<title>Privacy Policy - DOOR73<\/title>\n<meta name=\"robots\" content=\"index, follow, max-snippet:-1, max-image-preview:large, max-video-preview:-1\" \/>\n<link rel=\"canonical\" href=\"https:\/\/door73.be\/fr\/privacy-policy\/\" \/>\n<meta property=\"og:locale\" content=\"fr_FR\" \/>\n<meta property=\"og:type\" content=\"article\" \/>\n<meta property=\"og:title\" content=\"Privacy Policy - DOOR73\" \/>\n<meta property=\"og:description\" content=\"Privacy Policy Privacy Policy Privacy Policy de DOOR73, propri\u00e9taire de DOOR73.be (BE0660.868.027) 1) Protection de la vie priv\u00e9e La protection de la vie priv\u00e9e des visiteurs de DOOR73.be est une t\u00e2che importante pour nous. Par cons\u00e9quent, notre politique de confidentialit\u00e9 d\u00e9crit les informations que nous recueillons et la mani\u00e8re dont nous les utilisons. 2) Consentement. [&hellip;]\" \/>\n<meta property=\"og:url\" content=\"https:\/\/door73.be\/fr\/privacy-policy\/\" \/>\n<meta property=\"og:site_name\" content=\"DOOR73\" \/>\n<meta property=\"article:publisher\" content=\"https:\/\/www.facebook.com\/door73gent\" \/>\n<meta property=\"article:modified_time\" content=\"2023-01-16T14:59:20+00:00\" \/>\n<meta name=\"twitter:card\" content=\"summary_large_image\" \/>\n<meta name=\"twitter:label1\" content=\"Dur\u00e9e de lecture estim\u00e9e\" \/>\n\t<meta name=\"twitter:data1\" content=\"3 minutes\" \/>\n<script type=\"application\/ld+json\" class=\"yoast-schema-graph\">{\"@context\":\"https:\/\/schema.org\",\"@graph\":[{\"@type\":\"WebPage\",\"@id\":\"https:\/\/door73.be\/fr\/privacy-policy\/\",\"url\":\"https:\/\/door73.be\/fr\/privacy-policy\/\",\"name\":\"Privacy Policy - DOOR73\",\"isPartOf\":{\"@id\":\"https:\/\/door73.be\/fr\/#website\"},\"datePublished\":\"2022-11-18T17:07:48+00:00\",\"dateModified\":\"2023-01-16T14:59:20+00:00\",\"breadcrumb\":{\"@id\":\"https:\/\/door73.be\/fr\/privacy-policy\/#breadcrumb\"},\"inLanguage\":\"fr-FR\",\"potentialAction\":[{\"@type\":\"ReadAction\",\"target\":[\"https:\/\/door73.be\/fr\/privacy-policy\/\"]}]},{\"@type\":\"BreadcrumbList\",\"@id\":\"https:\/\/door73.be\/fr\/privacy-policy\/#breadcrumb\",\"itemListElement\":[{\"@type\":\"ListItem\",\"position\":1,\"name\":\"Home\",\"item\":\"https:\/\/door73.be\/fr\/home\/\"},{\"@type\":\"ListItem\",\"position\":2,\"name\":\"Privacy Policy\"}]},{\"@type\":\"WebSite\",\"@id\":\"https:\/\/door73.be\/fr\/#website\",\"url\":\"https:\/\/door73.be\/fr\/\",\"name\":\"DOOR73\",\"description\":\"\",\"publisher\":{\"@id\":\"https:\/\/door73.be\/fr\/#organization\"},\"potentialAction\":[{\"@type\":\"SearchAction\",\"target\":{\"@type\":\"EntryPoint\",\"urlTemplate\":\"https:\/\/door73.be\/fr\/?s={search_term_string}\"},\"query-input\":{\"@type\":\"PropertyValueSpecification\",\"valueRequired\":true,\"valueName\":\"search_term_string\"}}],\"inLanguage\":\"fr-FR\"},{\"@type\":\"Organization\",\"@id\":\"https:\/\/door73.be\/fr\/#organization\",\"name\":\"DOOR73\",\"url\":\"https:\/\/door73.be\/fr\/\",\"logo\":{\"@type\":\"ImageObject\",\"inLanguage\":\"fr-FR\",\"@id\":\"https:\/\/door73.be\/fr\/#\/schema\/logo\/image\/\",\"url\":\"https:\/\/door73.be\/wp-content\/uploads\/2022\/11\/Logo-turquoise.png\",\"contentUrl\":\"https:\/\/door73.be\/wp-content\/uploads\/2022\/11\/Logo-turquoise.png\",\"width\":229,\"height\":181,\"caption\":\"DOOR73\"},\"image\":{\"@id\":\"https:\/\/door73.be\/fr\/#\/schema\/logo\/image\/\"},\"sameAs\":[\"https:\/\/www.facebook.com\/door73gent\",\"https:\/\/www.instagram.com\/door73_gent\"]}]}<\/script>\n<!-- \/ Yoast SEO plugin. -->","yoast_head_json":{"title":"Privacy Policy - DOOR73","robots":{"index":"index","follow":"follow","max-snippet":"max-snippet:-1","max-image-preview":"max-image-preview:large","max-video-preview":"max-video-preview:-1"},"canonical":"https:\/\/door73.be\/fr\/privacy-policy\/","og_locale":"fr_FR","og_type":"article","og_title":"Privacy Policy - DOOR73","og_description":"Privacy Policy Privacy Policy Privacy Policy de DOOR73, propri\u00e9taire de DOOR73.be (BE0660.868.027) 1) Protection de la vie priv\u00e9e La protection de la vie priv\u00e9e des visiteurs de DOOR73.be est une t\u00e2che importante pour nous. Par cons\u00e9quent, notre politique de confidentialit\u00e9 d\u00e9crit les informations que nous recueillons et la mani\u00e8re dont nous les utilisons. 2) Consentement. [&hellip;]","og_url":"https:\/\/door73.be\/fr\/privacy-policy\/","og_site_name":"DOOR73","article_publisher":"https:\/\/www.facebook.com\/door73gent","article_modified_time":"2023-01-16T14:59:20+00:00","twitter_card":"summary_large_image","twitter_misc":{"Dur\u00e9e de lecture estim\u00e9e":"3 minutes"},"schema":{"@context":"https:\/\/schema.org","@graph":[{"@type":"WebPage","@id":"https:\/\/door73.be\/fr\/privacy-policy\/","url":"https:\/\/door73.be\/fr\/privacy-policy\/","name":"Privacy Policy - DOOR73","isPartOf":{"@id":"https:\/\/door73.be\/fr\/#website"},"datePublished":"2022-11-18T17:07:48+00:00","dateModified":"2023-01-16T14:59:20+00:00","breadcrumb":{"@id":"https:\/\/door73.be\/fr\/privacy-policy\/#breadcrumb"},"inLanguage":"fr-FR","potentialAction":[{"@type":"ReadAction","target":["https:\/\/door73.be\/fr\/privacy-policy\/"]}]},{"@type":"BreadcrumbList","@id":"https:\/\/door73.be\/fr\/privacy-policy\/#breadcrumb","itemListElement":[{"@type":"ListItem","position":1,"name":"Home","item":"https:\/\/door73.be\/fr\/home\/"},{"@type":"ListItem","position":2,"name":"Privacy Policy"}]},{"@type":"WebSite","@id":"https:\/\/door73.be\/fr\/#website","url":"https:\/\/door73.be\/fr\/","name":"DOOR73","description":"","publisher":{"@id":"https:\/\/door73.be\/fr\/#organization"},"potentialAction":[{"@type":"SearchAction","target":{"@type":"EntryPoint","urlTemplate":"https:\/\/door73.be\/fr\/?s={search_term_string}"},"query-input":{"@type":"PropertyValueSpecification","valueRequired":true,"valueName":"search_term_string"}}],"inLanguage":"fr-FR"},{"@type":"Organization","@id":"https:\/\/door73.be\/fr\/#organization","name":"DOOR73","url":"https:\/\/door73.be\/fr\/","logo":{"@type":"ImageObject","inLanguage":"fr-FR","@id":"https:\/\/door73.be\/fr\/#\/schema\/logo\/image\/","url":"https:\/\/door73.be\/wp-content\/uploads\/2022\/11\/Logo-turquoise.png","contentUrl":"https:\/\/door73.be\/wp-content\/uploads\/2022\/11\/Logo-turquoise.png","width":229,"height":181,"caption":"DOOR73"},"image":{"@id":"https:\/\/door73.be\/fr\/#\/schema\/logo\/image\/"},"sameAs":["https:\/\/www.facebook.com\/door73gent","https:\/\/www.instagram.com\/door73_gent"]}]}},"_links":{"self":[{"href":"https:\/\/door73.be\/fr\/wp-json\/wp\/v2\/pages\/813","targetHints":{"allow":["GET"]}}],"collection":[{"href":"https:\/\/door73.be\/fr\/wp-json\/wp\/v2\/pages"}],"about":[{"href":"https:\/\/door73.be\/fr\/wp-json\/wp\/v2\/types\/page"}],"author":[{"embeddable":true,"href":"https:\/\/door73.be\/fr\/wp-json\/wp\/v2\/users\/1"}],"replies":[{"embeddable":true,"href":"https:\/\/door73.be\/fr\/wp-json\/wp\/v2\/comments?post=813"}],"version-history":[{"count":5,"href":"https:\/\/door73.be\/fr\/wp-json\/wp\/v2\/pages\/813\/revisions"}],"predecessor-version":[{"id":1280,"href":"https:\/\/door73.be\/fr\/wp-json\/wp\/v2\/pages\/813\/revisions\/1280"}],"wp:attachment":[{"href":"https:\/\/door73.be\/fr\/wp-json\/wp\/v2\/media?parent=813"}],"curies":[{"name":"wp","href":"https:\/\/api.w.org\/{rel}","templated":true}]}}