{"id":829,"date":"2022-11-14T17:21:22","date_gmt":"2022-11-14T17:21:22","guid":{"rendered":"https:\/\/door73.robindeneyer.be\/reserver\/"},"modified":"2025-08-15T12:45:01","modified_gmt":"2025-08-15T12:45:01","slug":"reserver","status":"publish","type":"page","link":"https:\/\/door73.be\/fr\/reserver\/","title":{"rendered":"R\u00e9server"},"content":{"rendered":"\t\t<div data-elementor-type=\"wp-page\" data-elementor-id=\"829\" class=\"elementor elementor-829 elementor-141\" data-elementor-post-type=\"page\">\n\t\t\t\t\t\t<section class=\"elementor-section elementor-top-section elementor-element elementor-element-0199e64 elementor-hidden-tablet elementor-hidden-mobile_extra elementor-hidden-mobile elementor-section-boxed elementor-section-height-default elementor-section-height-default\" data-id=\"0199e64\" data-element_type=\"section\" data-e-type=\"section\">\n\t\t\t\t\t\t<div class=\"elementor-container elementor-column-gap-default\">\n\t\t\t\t\t<div class=\"elementor-column elementor-col-100 elementor-top-column elementor-element elementor-element-47f9570\" data-id=\"47f9570\" data-element_type=\"column\" data-e-type=\"column\">\n\t\t\t<div class=\"elementor-widget-wrap elementor-element-populated\">\n\t\t\t\t\t\t<div class=\"elementor-element elementor-element-b6ca58a move-title animated-slow elementor-widget__width-inherit elementor-widget elementor-widget-heading\" data-id=\"b6ca58a\" data-element_type=\"widget\" data-e-type=\"widget\" data-settings=\"{&quot;_animation&quot;:&quot;none&quot;}\" data-widget_type=\"heading.default\">\n\t\t\t\t<div class=\"elementor-widget-container\">\n\t\t\t\t\t<h1 class=\"elementor-heading-title elementor-size-default\">R\u00e9server<\/h1>\t\t\t\t<\/div>\n\t\t\t\t<\/div>\n\t\t\t\t\t<\/div>\n\t\t<\/div>\n\t\t\t\t\t<\/div>\n\t\t<\/section>\n\t\t\t\t<section class=\"elementor-section elementor-top-section elementor-element elementor-element-b1ad75a elementor-hidden-desktop elementor-section-boxed elementor-section-height-default elementor-section-height-default\" data-id=\"b1ad75a\" data-element_type=\"section\" data-e-type=\"section\">\n\t\t\t\t\t\t<div class=\"elementor-container elementor-column-gap-default\">\n\t\t\t\t\t<div class=\"elementor-column elementor-col-100 elementor-top-column elementor-element elementor-element-c43278d\" data-id=\"c43278d\" data-element_type=\"column\" data-e-type=\"column\">\n\t\t\t<div class=\"elementor-widget-wrap elementor-element-populated\">\n\t\t\t\t\t\t<div class=\"elementor-element elementor-element-d0ff715 move-title animated-slow elementor-widget__width-inherit elementor-widget elementor-widget-heading\" data-id=\"d0ff715\" data-element_type=\"widget\" data-e-type=\"widget\" data-settings=\"{&quot;_animation&quot;:&quot;none&quot;}\" data-widget_type=\"heading.default\">\n\t\t\t\t<div class=\"elementor-widget-container\">\n\t\t\t\t\t<h1 class=\"elementor-heading-title elementor-size-default\">R\u00e9server<\/h1>\t\t\t\t<\/div>\n\t\t\t\t<\/div>\n\t\t\t\t\t<\/div>\n\t\t<\/div>\n\t\t\t\t\t<\/div>\n\t\t<\/section>\n\t\t\t\t<section class=\"elementor-section elementor-top-section elementor-element elementor-element-a962833 elementor-reverse-tablet elementor-reverse-mobile_extra elementor-reverse-mobile elementor-section-boxed elementor-section-height-default elementor-section-height-default\" data-id=\"a962833\" data-element_type=\"section\" data-e-type=\"section\">\n\t\t\t\t\t\t<div class=\"elementor-container elementor-column-gap-default\">\n\t\t\t\t\t<div class=\"elementor-column elementor-col-50 elementor-top-column elementor-element elementor-element-77b17f6 elementor-hidden-tablet elementor-hidden-mobile_extra elementor-hidden-mobile\" data-id=\"77b17f6\" data-element_type=\"column\" data-e-type=\"column\">\n\t\t\t<div class=\"elementor-widget-wrap elementor-element-populated\">\n\t\t\t\t\t\t<div class=\"elementor-element elementor-element-4e765d2 elementor-widget elementor-widget-spacer\" data-id=\"4e765d2\" data-element_type=\"widget\" data-e-type=\"widget\" data-widget_type=\"spacer.default\">\n\t\t\t\t<div class=\"elementor-widget-container\">\n\t\t\t\t\t\t\t<div class=\"elementor-spacer\">\n\t\t\t<div class=\"elementor-spacer-inner\"><\/div>\n\t\t<\/div>\n\t\t\t\t\t\t<\/div>\n\t\t\t\t<\/div>\n\t\t\t\t<div class=\"elementor-element elementor-element-610d967 elementor-widget__width-auto elementor-absolute elementor-widget elementor-widget-image\" data-id=\"610d967\" data-element_type=\"widget\" data-e-type=\"widget\" data-settings=\"{&quot;_position&quot;:&quot;absolute&quot;}\" data-widget_type=\"image.default\">\n\t\t\t\t<div class=\"elementor-widget-container\">\n\t\t\t\t\t\t\t\t\t\t\t\t\t\t\t<img fetchpriority=\"high\" decoding=\"async\" width=\"747\" height=\"1024\" src=\"https:\/\/door73.be\/wp-content\/uploads\/2024\/03\/DOOR73_summer_\u252c\u00ae_kris_vlegels__042-747x1024.jpg\" class=\"attachment-large size-large wp-image-1989\" alt=\"\" srcset=\"https:\/\/door73.be\/wp-content\/uploads\/2024\/03\/DOOR73_summer_\u252c\u00ae_kris_vlegels__042-747x1024.jpg 747w, https:\/\/door73.be\/wp-content\/uploads\/2024\/03\/DOOR73_summer_\u252c\u00ae_kris_vlegels__042-219x300.jpg 219w, https:\/\/door73.be\/wp-content\/uploads\/2024\/03\/DOOR73_summer_\u252c\u00ae_kris_vlegels__042-768x1053.jpg 768w, https:\/\/door73.be\/wp-content\/uploads\/2024\/03\/DOOR73_summer_\u252c\u00ae_kris_vlegels__042-1120x1536.jpg 1120w, https:\/\/door73.be\/wp-content\/uploads\/2024\/03\/DOOR73_summer_\u252c\u00ae_kris_vlegels__042-1494x2048.jpg 1494w, https:\/\/door73.be\/wp-content\/uploads\/2024\/03\/DOOR73_summer_\u252c\u00ae_kris_vlegels__042-600x823.jpg 600w, https:\/\/door73.be\/wp-content\/uploads\/2024\/03\/DOOR73_summer_\u252c\u00ae_kris_vlegels__042-scaled.jpg 1867w\" sizes=\"(max-width: 747px) 100vw, 747px\" \/>\t\t\t\t\t\t\t\t\t\t\t\t\t\t\t<\/div>\n\t\t\t\t<\/div>\n\t\t\t\t<div class=\"elementor-element elementor-element-126c505 elementor-widget__width-auto elementor-absolute elementor-widget elementor-widget-image\" data-id=\"126c505\" data-element_type=\"widget\" data-e-type=\"widget\" data-settings=\"{&quot;_position&quot;:&quot;absolute&quot;}\" data-widget_type=\"image.default\">\n\t\t\t\t<div class=\"elementor-widget-container\">\n\t\t\t\t\t\t\t\t\t\t\t\t\t\t\t<img decoding=\"async\" width=\"683\" height=\"1024\" src=\"https:\/\/door73.be\/wp-content\/uploads\/2025\/08\/Door73_summer024_\u00a9_kris_vlegels_094-683x1024.jpg\" class=\"attachment-large size-large wp-image-3454\" alt=\"\" srcset=\"https:\/\/door73.be\/wp-content\/uploads\/2025\/08\/Door73_summer024_\u00a9_kris_vlegels_094-683x1024.jpg 683w, https:\/\/door73.be\/wp-content\/uploads\/2025\/08\/Door73_summer024_\u00a9_kris_vlegels_094-200x300.jpg 200w, https:\/\/door73.be\/wp-content\/uploads\/2025\/08\/Door73_summer024_\u00a9_kris_vlegels_094-768x1152.jpg 768w, https:\/\/door73.be\/wp-content\/uploads\/2025\/08\/Door73_summer024_\u00a9_kris_vlegels_094-1024x1536.jpg 1024w, https:\/\/door73.be\/wp-content\/uploads\/2025\/08\/Door73_summer024_\u00a9_kris_vlegels_094-1365x2048.jpg 1365w, https:\/\/door73.be\/wp-content\/uploads\/2025\/08\/Door73_summer024_\u00a9_kris_vlegels_094-600x900.jpg 600w, https:\/\/door73.be\/wp-content\/uploads\/2025\/08\/Door73_summer024_\u00a9_kris_vlegels_094-scaled.jpg 1707w\" sizes=\"(max-width: 683px) 100vw, 683px\" \/>\t\t\t\t\t\t\t\t\t\t\t\t\t\t\t<\/div>\n\t\t\t\t<\/div>\n\t\t\t\t\t<\/div>\n\t\t<\/div>\n\t\t\t\t<div class=\"elementor-column elementor-col-50 elementor-top-column elementor-element elementor-element-9fbab7d animated-slow elementor-invisible\" data-id=\"9fbab7d\" data-element_type=\"column\" data-e-type=\"column\" data-settings=\"{&quot;animation&quot;:&quot;fadeIn&quot;}\">\n\t\t\t<div class=\"elementor-widget-wrap elementor-element-populated\">\n\t\t\t\t\t\t<div class=\"elementor-element elementor-element-bb22828 animated-slow elementor-invisible elementor-widget elementor-widget-heading\" data-id=\"bb22828\" data-element_type=\"widget\" data-e-type=\"widget\" data-settings=\"{&quot;_animation&quot;:&quot;fadeIn&quot;,&quot;_animation_delay&quot;:800}\" data-widget_type=\"heading.default\">\n\t\t\t\t<div class=\"elementor-widget-container\">\n\t\t\t\t\t<h2 class=\"elementor-heading-title elementor-size-default\">R\u00e9servez votre table<\/h2>\t\t\t\t<\/div>\n\t\t\t\t<\/div>\n\t\t\t\t<div class=\"elementor-element elementor-element-d8f95f9 elementor-widget elementor-widget-html\" data-id=\"d8f95f9\" data-element_type=\"widget\" data-e-type=\"widget\" data-widget_type=\"html.default\">\n\t\t\t\t<div class=\"elementor-widget-container\">\n\t\t\t\t\t<div id=\"Tock_widget_container\" data-tock-display-mode=\"Button\" data-tock-color-mode=\"Blue\" data-tock-locale=\"fr-be\" data-tock-timezone=\"Europe\/Brussels\"><\/div>\t\t\t\t<\/div>\n\t\t\t\t<\/div>\n\t\t\t\t\t<\/div>\n\t\t<\/div>\n\t\t\t\t\t<\/div>\n\t\t<\/section>\n\t\t\t\t<section class=\"elementor-section elementor-top-section elementor-element elementor-element-427bf00 elementor-section-full_width animated-slow elementor-section-height-default elementor-section-height-default elementor-invisible\" data-id=\"427bf00\" data-element_type=\"section\" data-e-type=\"section\" data-settings=\"{&quot;animation&quot;:&quot;fadeIn&quot;}\">\n\t\t\t\t\t\t<div class=\"elementor-container elementor-column-gap-default\">\n\t\t\t\t\t<div class=\"elementor-column elementor-col-100 elementor-top-column elementor-element elementor-element-e3a0397\" data-id=\"e3a0397\" data-element_type=\"column\" data-e-type=\"column\">\n\t\t\t<div class=\"elementor-widget-wrap elementor-element-populated\">\n\t\t\t\t\t\t<div class=\"elementor-element elementor-element-bf7d87a elementor-hidden-desktop animated-slow elementor-invisible elementor-widget elementor-widget-image\" data-id=\"bf7d87a\" data-element_type=\"widget\" data-e-type=\"widget\" data-settings=\"{&quot;_animation&quot;:&quot;fadeIn&quot;}\" data-widget_type=\"image.default\">\n\t\t\t\t<div class=\"elementor-widget-container\">\n\t\t\t\t\t\t\t\t\t\t\t\t\t\t\t<img decoding=\"async\" width=\"768\" height=\"1024\" src=\"https:\/\/door73.be\/wp-content\/uploads\/2022\/11\/door-73-winter-2022-\u00a9-Pieter-DHoop-10-768x1024.jpg\" class=\"attachment-large size-large wp-image-681\" alt=\"\" srcset=\"https:\/\/door73.be\/wp-content\/uploads\/2022\/11\/door-73-winter-2022-\u00a9-Pieter-DHoop-10-768x1024.jpg 768w, https:\/\/door73.be\/wp-content\/uploads\/2022\/11\/door-73-winter-2022-\u00a9-Pieter-DHoop-10-225x300.jpg 225w, https:\/\/door73.be\/wp-content\/uploads\/2022\/11\/door-73-winter-2022-\u00a9-Pieter-DHoop-10-1152x1536.jpg 1152w, https:\/\/door73.be\/wp-content\/uploads\/2022\/11\/door-73-winter-2022-\u00a9-Pieter-DHoop-10-1536x2048.jpg 1536w, https:\/\/door73.be\/wp-content\/uploads\/2022\/11\/door-73-winter-2022-\u00a9-Pieter-DHoop-10.jpg 1563w\" sizes=\"(max-width: 768px) 100vw, 768px\" \/>\t\t\t\t\t\t\t\t\t\t\t\t\t\t\t<\/div>\n\t\t\t\t<\/div>\n\t\t\t\t\t<\/div>\n\t\t<\/div>\n\t\t\t\t\t<\/div>\n\t\t<\/section>\n\t\t\t\t<\/div>\n\t\t","protected":false},"excerpt":{"rendered":"<p>R\u00e9server R\u00e9server R\u00e9servez votre table<\/p>\n","protected":false},"author":1,"featured_media":0,"parent":0,"menu_order":0,"comment_status":"closed","ping_status":"closed","template":"","meta":{"_acf_changed":false,"footnotes":""},"class_list":["post-829","page","type-page","status-publish","hentry"],"acf":[],"yoast_head":"<!-- This site is optimized with the Yoast SEO plugin v27.4 - https:\/\/yoast.com\/product\/yoast-seo-wordpress\/ -->\n<title>R\u00e9server - DOOR73<\/title>\n<meta name=\"description\" content=\"Faire une r\u00e9servation\" \/>\n<meta name=\"robots\" content=\"index, follow, max-snippet:-1, max-image-preview:large, max-video-preview:-1\" \/>\n<link rel=\"canonical\" href=\"https:\/\/door73.be\/fr\/reserver\/\" \/>\n<meta property=\"og:locale\" content=\"fr_FR\" \/>\n<meta property=\"og:type\" content=\"article\" \/>\n<meta property=\"og:title\" content=\"R\u00e9server - DOOR73\" \/>\n<meta property=\"og:description\" content=\"Faire une r\u00e9servation\" \/>\n<meta property=\"og:url\" content=\"https:\/\/door73.be\/fr\/reserver\/\" \/>\n<meta property=\"og:site_name\" content=\"DOOR73\" \/>\n<meta property=\"article:publisher\" content=\"https:\/\/www.facebook.com\/door73gent\" \/>\n<meta property=\"article:modified_time\" content=\"2025-08-15T12:45:01+00:00\" \/>\n<meta name=\"twitter:card\" content=\"summary_large_image\" \/>\n<meta name=\"twitter:label1\" content=\"Dur\u00e9e de lecture estim\u00e9e\" \/>\n\t<meta name=\"twitter:data1\" content=\"1 minute\" \/>\n<script type=\"application\/ld+json\" class=\"yoast-schema-graph\">{\"@context\":\"https:\\\/\\\/schema.org\",\"@graph\":[{\"@type\":\"WebPage\",\"@id\":\"https:\\\/\\\/door73.be\\\/fr\\\/reserver\\\/\",\"url\":\"https:\\\/\\\/door73.be\\\/fr\\\/reserver\\\/\",\"name\":\"R\u00e9server - DOOR73\",\"isPartOf\":{\"@id\":\"https:\\\/\\\/door73.be\\\/fr\\\/#website\"},\"datePublished\":\"2022-11-14T17:21:22+00:00\",\"dateModified\":\"2025-08-15T12:45:01+00:00\",\"description\":\"Faire une r\u00e9servation\",\"breadcrumb\":{\"@id\":\"https:\\\/\\\/door73.be\\\/fr\\\/reserver\\\/#breadcrumb\"},\"inLanguage\":\"fr-FR\",\"potentialAction\":[{\"@type\":\"ReadAction\",\"target\":[\"https:\\\/\\\/door73.be\\\/fr\\\/reserver\\\/\"]}]},{\"@type\":\"BreadcrumbList\",\"@id\":\"https:\\\/\\\/door73.be\\\/fr\\\/reserver\\\/#breadcrumb\",\"itemListElement\":[{\"@type\":\"ListItem\",\"position\":1,\"name\":\"Home\",\"item\":\"https:\\\/\\\/door73.be\\\/fr\\\/home\\\/\"},{\"@type\":\"ListItem\",\"position\":2,\"name\":\"R\u00e9server\"}]},{\"@type\":\"WebSite\",\"@id\":\"https:\\\/\\\/door73.be\\\/fr\\\/#website\",\"url\":\"https:\\\/\\\/door73.be\\\/fr\\\/\",\"name\":\"DOOR73\",\"description\":\"\",\"publisher\":{\"@id\":\"https:\\\/\\\/door73.be\\\/fr\\\/#organization\"},\"potentialAction\":[{\"@type\":\"SearchAction\",\"target\":{\"@type\":\"EntryPoint\",\"urlTemplate\":\"https:\\\/\\\/door73.be\\\/fr\\\/?s={search_term_string}\"},\"query-input\":{\"@type\":\"PropertyValueSpecification\",\"valueRequired\":true,\"valueName\":\"search_term_string\"}}],\"inLanguage\":\"fr-FR\"},{\"@type\":\"Organization\",\"@id\":\"https:\\\/\\\/door73.be\\\/fr\\\/#organization\",\"name\":\"DOOR73\",\"url\":\"https:\\\/\\\/door73.be\\\/fr\\\/\",\"logo\":{\"@type\":\"ImageObject\",\"inLanguage\":\"fr-FR\",\"@id\":\"https:\\\/\\\/door73.be\\\/fr\\\/#\\\/schema\\\/logo\\\/image\\\/\",\"url\":\"https:\\\/\\\/door73.be\\\/wp-content\\\/uploads\\\/2022\\\/11\\\/Logo-turquoise.png\",\"contentUrl\":\"https:\\\/\\\/door73.be\\\/wp-content\\\/uploads\\\/2022\\\/11\\\/Logo-turquoise.png\",\"width\":229,\"height\":181,\"caption\":\"DOOR73\"},\"image\":{\"@id\":\"https:\\\/\\\/door73.be\\\/fr\\\/#\\\/schema\\\/logo\\\/image\\\/\"},\"sameAs\":[\"https:\\\/\\\/www.facebook.com\\\/door73gent\",\"https:\\\/\\\/www.instagram.com\\\/door73_gent\"]}]}<\/script>\n<!-- \/ Yoast SEO plugin. -->","yoast_head_json":{"title":"R\u00e9server - DOOR73","description":"Faire une r\u00e9servation","robots":{"index":"index","follow":"follow","max-snippet":"max-snippet:-1","max-image-preview":"max-image-preview:large","max-video-preview":"max-video-preview:-1"},"canonical":"https:\/\/door73.be\/fr\/reserver\/","og_locale":"fr_FR","og_type":"article","og_title":"R\u00e9server - DOOR73","og_description":"Faire une r\u00e9servation","og_url":"https:\/\/door73.be\/fr\/reserver\/","og_site_name":"DOOR73","article_publisher":"https:\/\/www.facebook.com\/door73gent","article_modified_time":"2025-08-15T12:45:01+00:00","twitter_card":"summary_large_image","twitter_misc":{"Dur\u00e9e de lecture estim\u00e9e":"1 minute"},"schema":{"@context":"https:\/\/schema.org","@graph":[{"@type":"WebPage","@id":"https:\/\/door73.be\/fr\/reserver\/","url":"https:\/\/door73.be\/fr\/reserver\/","name":"R\u00e9server - DOOR73","isPartOf":{"@id":"https:\/\/door73.be\/fr\/#website"},"datePublished":"2022-11-14T17:21:22+00:00","dateModified":"2025-08-15T12:45:01+00:00","description":"Faire une r\u00e9servation","breadcrumb":{"@id":"https:\/\/door73.be\/fr\/reserver\/#breadcrumb"},"inLanguage":"fr-FR","potentialAction":[{"@type":"ReadAction","target":["https:\/\/door73.be\/fr\/reserver\/"]}]},{"@type":"BreadcrumbList","@id":"https:\/\/door73.be\/fr\/reserver\/#breadcrumb","itemListElement":[{"@type":"ListItem","position":1,"name":"Home","item":"https:\/\/door73.be\/fr\/home\/"},{"@type":"ListItem","position":2,"name":"R\u00e9server"}]},{"@type":"WebSite","@id":"https:\/\/door73.be\/fr\/#website","url":"https:\/\/door73.be\/fr\/","name":"DOOR73","description":"","publisher":{"@id":"https:\/\/door73.be\/fr\/#organization"},"potentialAction":[{"@type":"SearchAction","target":{"@type":"EntryPoint","urlTemplate":"https:\/\/door73.be\/fr\/?s={search_term_string}"},"query-input":{"@type":"PropertyValueSpecification","valueRequired":true,"valueName":"search_term_string"}}],"inLanguage":"fr-FR"},{"@type":"Organization","@id":"https:\/\/door73.be\/fr\/#organization","name":"DOOR73","url":"https:\/\/door73.be\/fr\/","logo":{"@type":"ImageObject","inLanguage":"fr-FR","@id":"https:\/\/door73.be\/fr\/#\/schema\/logo\/image\/","url":"https:\/\/door73.be\/wp-content\/uploads\/2022\/11\/Logo-turquoise.png","contentUrl":"https:\/\/door73.be\/wp-content\/uploads\/2022\/11\/Logo-turquoise.png","width":229,"height":181,"caption":"DOOR73"},"image":{"@id":"https:\/\/door73.be\/fr\/#\/schema\/logo\/image\/"},"sameAs":["https:\/\/www.facebook.com\/door73gent","https:\/\/www.instagram.com\/door73_gent"]}]}},"_links":{"self":[{"href":"https:\/\/door73.be\/fr\/wp-json\/wp\/v2\/pages\/829","targetHints":{"allow":["GET"]}}],"collection":[{"href":"https:\/\/door73.be\/fr\/wp-json\/wp\/v2\/pages"}],"about":[{"href":"https:\/\/door73.be\/fr\/wp-json\/wp\/v2\/types\/page"}],"author":[{"embeddable":true,"href":"https:\/\/door73.be\/fr\/wp-json\/wp\/v2\/users\/1"}],"replies":[{"embeddable":true,"href":"https:\/\/door73.be\/fr\/wp-json\/wp\/v2\/comments?post=829"}],"version-history":[{"count":15,"href":"https:\/\/door73.be\/fr\/wp-json\/wp\/v2\/pages\/829\/revisions"}],"predecessor-version":[{"id":3459,"href":"https:\/\/door73.be\/fr\/wp-json\/wp\/v2\/pages\/829\/revisions\/3459"}],"wp:attachment":[{"href":"https:\/\/door73.be\/fr\/wp-json\/wp\/v2\/media?parent=829"}],"curies":[{"name":"wp","href":"https:\/\/api.w.org\/{rel}","templated":true}]}}